{"id":45,"date":"2023-08-16T21:46:53","date_gmt":"2023-08-16T21:46:53","guid":{"rendered":"https:\/\/dawson2000.com\/?page_id=45"},"modified":"2023-08-16T21:49:02","modified_gmt":"2023-08-16T21:49:02","slug":"xilografias","status":"publish","type":"page","link":"https:\/\/dawson2000.com\/index.php\/xilografias\/","title":{"rendered":"Xilograf\u00edas"},"content":{"rendered":"\n<p><strong>EXPRESI\u00d3N GR\u00c1FICA DE LA RESILIENCIA: XILOGRAF\u00cdAS DE H\u00c9CTOR AVIL\u00c9S<\/strong><\/p>\n\n\n\n<figure class=\"wp-block-image size-full\"><img decoding=\"async\" width=\"144\" height=\"193\" src=\"https:\/\/dawson2000.com\/wp-content\/uploads\/2023\/08\/Aviles92.jpg\" alt=\"\" class=\"wp-image-56\"\/><\/figure>\n\n\n\n<p>En esta secci\u00f3n, presentamos una colecci\u00f3n de xilograf\u00edas que relatan las vivencias y supervivencias en los campos de detenci\u00f3n y concentraci\u00f3n despu\u00e9s de 1973. Destacamos especialmente las xilograf\u00edas relacionadas con el Campo de Concentraci\u00f3n R\u00edo Chico en Isla Dawson. Estas obras son creadas por H\u00e9ctor Avil\u00e9s, un artista y ex prisionero pol\u00edtico de Isla Dawson.<\/p>\n\n\n\n<p><strong>XILOGRAF\u00cdAS DE H\u00c9CTOR AVIL\u00c9S<\/strong><\/p>\n\n\n\n<p>H\u00e9ctor Avil\u00e9s, un antiguo prisionero pol\u00edtico magall\u00e1nico, fue detenido en septiembre de 1973 y sometido a tortura en distintos centros de interrogaci\u00f3n debido a su militancia socialista. Pas\u00f3 tiempo en varios campos de detenci\u00f3n en Magallanes, incluyendo el Regimiento Cochrane, el Regimiento Blindado y el Campo R\u00edo Chico en Isla Dawson. Tambi\u00e9n estuvo en la Penitenciar\u00eda y la C\u00e1rcel de Buin en Santiago. Fue condenado a cadena perpetua en el primer Consejo de Guerra de Punta Arenas en noviembre de 1973. Posteriormente, en 1976, fue exiliado a Canad\u00e1, donde actualmente reside.<\/p>\n\n\n\n<p>Estas xilograf\u00edas son grabados en madera que H\u00e9ctor Avil\u00e9s imprimi\u00f3 personalmente a mano, de manera artesanal, en la C\u00e1rcel de Buin en Santiago. En total, realiz\u00f3 cerca de 200 copias de estas xilograf\u00edas.<\/p>\n\n\n\n<p>M\u00e1s detalles sobre el proceso de creaci\u00f3n de las xilograf\u00edas se encuentran en la secci\u00f3n de Cuentos. Puedes ver m\u00e1s sobre Las Xilograf\u00edas y la Escuela en la C\u00e1rcel de Buin.<\/p>\n\n\n\n<p>Xilograf\u00edas sobre Isla Dawson:<\/p>\n\n\n\n<ul class=\"wp-block-list\">\n<li><strong>Regresando al Campamento R\u00edo Chico. Isla Dawson, 1974.<\/strong><\/li>\n\n\n\n<li><em>Por H\u00e9ctor Avil\u00e9s<\/em><\/li>\n\n\n\n<li><em>Xilograf\u00eda de 19x 11cm.<\/em><\/li>\n\n\n\n<li>Esta xilograf\u00eda ilustra parte del trabajo forzado al que los prisioneros pol\u00edticos eran sometidos en Isla Dawson. Muestra c\u00f3mo cargaban pesados troncos de \u00e1rboles sobre sus hombros en medio de la nieve y con bajas temperaturas. Los mismos prisioneros tambi\u00e9n cortaban estos troncos. Esta le\u00f1a serv\u00eda como combustible para todo el campo de concentraci\u00f3n, incluyendo los calentadores presentes en las salas de guardias y las dependencias del personal militar. Estos calentadores consum\u00edan la mayor parte de la le\u00f1a, al igual que las barracas de los prisioneros. Estos trabajos forzados se realizaban bajo la constante vigilancia de personal militar fuertemente armado. Esta escena en particular muestra el regreso de un grupo de prisioneros pol\u00edticos magall\u00e1nicos en una fr\u00eda tarde de invierno al Campo de Concentraci\u00f3n R\u00edo Chico en Isla Dawson en 1974. La vista es desde el sureste del campo, a aproximadamente 1 kil\u00f3metro de distancia. En la imagen se pueden observar las colinas que enmarcan ambos lados del valle del R\u00edo Chico, donde estaban ubicadas las garitas de los guardias que vigilaban el campo. Tambi\u00e9n se aprecia el Estrecho de Magallanes, por donde se tem\u00eda que llegara un &#8220;enemigo&#8221; para rescatar a los prisioneros. A la izquierda se distingue a uno de los guardias que supervisaba el transporte de troncos quemados a lo largo del camino. A la derecha se encuentra el campo de concentraci\u00f3n, y en el fondo se ven las aguas del Estrecho de Magallanes.<\/li>\n<\/ul>\n\n\n\n<figure class=\"wp-block-image size-full\"><img fetchpriority=\"high\" decoding=\"async\" width=\"672\" height=\"500\" src=\"https:\/\/dawson2000.com\/wp-content\/uploads\/2023\/08\/image004.jpg\" alt=\"\" class=\"wp-image-46\" srcset=\"https:\/\/dawson2000.com\/wp-content\/uploads\/2023\/08\/image004.jpg 672w, https:\/\/dawson2000.com\/wp-content\/uploads\/2023\/08\/image004-300x223.jpg 300w\" sizes=\"(max-width: 672px) 100vw, 672px\" \/><\/figure>\n\n\n\n<ul class=\"wp-block-list\">\n<li><em><strong>El Saco. Isla Dawson, 1974.<\/strong><\/em><\/li>\n\n\n\n<li><em>Xilograf\u00eda por H\u00e9ctor Avil\u00e9s<\/em><\/li>\n\n\n\n<li>Esta xilograf\u00eda captura la entrada al Campo de Concentraci\u00f3n R\u00edo Chico en Isla Dawson durante 1974. La entrada es a trav\u00e9s del peque\u00f1o port\u00f3n ubicado junto al puesto de guardia. Se pueden observar las alambradas y el mosaico de piedras planas que cubr\u00edan este peque\u00f1o sector. En primer plano, vemos a Luis Corval\u00e1n, un compa\u00f1ero, cargando un saco de piedras, vestido como sol\u00eda hacerlo: con su caracter\u00edstico abrigo que incluye poncho y bufanda. Detr\u00e1s de \u00e9l, se distingue a otro prisionero. Originalmente, este iba a ser Jaime Toha, pero H\u00e9ctor no lleg\u00f3 a completar esta parte de la xilograf\u00eda.<\/li>\n\n\n\n<li>Uno de los trabajos forzados consist\u00eda en ir a la playa del Estrecho, llenar un saco con arena y llevarlo al patio principal del campo de concentraci\u00f3n. Dicho patio se caracterizaba por ser un lodo perpetuo. All\u00ed, los prisioneros vaciaban el saco y ve\u00edan c\u00f3mo el contenido simplemente desaparec\u00eda en el fango. As\u00ed, el prisionero regresaba para realizar otro viaje, en una tarea agobiante, mon\u00f3tona e interminable. Dise\u00f1ado para ser in\u00fatil, el barro continuaba all\u00ed, trag\u00e1ndose el resultado de un trabajo sin frutos. El barrial permaneci\u00f3 como un testimonio de las horas infructuosas de trabajo forzado cuando el campo fue clausurado. Este trabajo fue ideado especialmente para los compa\u00f1eros de la barraca Isla, quienes proven\u00edan de Santiago.<\/li>\n<\/ul>\n\n\n\n<figure class=\"wp-block-image size-full\"><img decoding=\"async\" width=\"456\" height=\"531\" src=\"https:\/\/dawson2000.com\/wp-content\/uploads\/2023\/08\/Xilografia_el_saco.jpg\" alt=\"\" class=\"wp-image-47\" srcset=\"https:\/\/dawson2000.com\/wp-content\/uploads\/2023\/08\/Xilografia_el_saco.jpg 456w, https:\/\/dawson2000.com\/wp-content\/uploads\/2023\/08\/Xilografia_el_saco-258x300.jpg 258w, https:\/\/dawson2000.com\/wp-content\/uploads\/2023\/08\/Xilografia_el_saco-300x349.jpg 300w\" sizes=\"(max-width: 456px) 100vw, 456px\" \/><\/figure>\n\n\n\n<ul class=\"wp-block-list\">\n<li><em><strong>Primero de Mayo. Isla Dawson, 1974.<\/strong><\/em><\/li>\n\n\n\n<li><em>Xilograf\u00eda de 26x 20 cm.<\/em><\/li>\n\n\n\n<li><em>Por H\u00e9ctor Avil\u00e9s<\/em><\/li>\n\n\n\n<li>Esta xilograf\u00eda retrata uno de los lugares de trabajo forzado del Primero de Mayo de 1974 en el Campo de Concentraci\u00f3n R\u00edo Chico, en Isla Dawson.<\/li>\n\n\n\n<li>El primero de mayo de 1974, nos ordenaron levantarnos a las 5 de la ma\u00f1ana. Fuimos divididos en grupos y llevados a distintos lugares de trabajo forzado. Este d\u00eda ten\u00eda una connotaci\u00f3n especial, \u00a1era el D\u00eda del Trabajo!<\/li>\n\n\n\n<li>Este sitio estaba situado detr\u00e1s del campo de concentraci\u00f3n, en la esquina sureste del terreno, donde comenzaba una vega pantanosa que se extend\u00eda hasta el bosque. Todo el \u00e1rea estaba cubierta de troncos y ra\u00edces de \u00e1rboles quemados, y por supuesto, abundante barro. Nuestra labor consist\u00eda en extraer el barro desde el fondo del lodazal y limpiar la laguna de troncos.<\/li>\n\n\n\n<li>Aproximadamente treinta o cuarenta compa\u00f1eros trabajaban en la laguna. Se organizaban en grupos de tres o cuatro para mover cada tronco. Uno de estos grupos se representa en esta xilograf\u00eda. Realizaban su labor pr\u00e1cticamente con las manos desnudas. Lo que parece agua en la imagen es en realidad una mezcla de agua, arcilla y materia org\u00e1nica. La temperatura era baja, el hielo estaba presente y el viento soplaba fuerte.<\/li>\n\n\n\n<li>La jornada de trabajo forzado del Primero de Mayo culmin\u00f3 al anochecer, cuando el segundo turno de guardias decidi\u00f3 retirarse del fr\u00edo.<\/li>\n<\/ul>\n\n\n\n<figure class=\"wp-block-image size-full\"><img loading=\"lazy\" decoding=\"async\" width=\"704\" height=\"477\" src=\"https:\/\/dawson2000.com\/wp-content\/uploads\/2023\/08\/Xilografia_primerodemayo.gif\" alt=\"\" class=\"wp-image-48\"\/><\/figure>\n\n\n\n<ul class=\"wp-block-list\">\n<li><em><strong>El Hachero. Isla Dawson, 1974.<\/strong><\/em><\/li>\n\n\n\n<li><em>Xilograf\u00eda por H\u00e9ctor Avil\u00e9s<\/em><\/li>\n\n\n\n<li>Esta xilograf\u00eda captura la tarea m\u00e1s com\u00fan que la mayor\u00eda de los prisioneros tuvimos que realizar: cortar \u00e1rboles para obtener le\u00f1a.<\/li>\n\n\n\n<li>A primera hora de la ma\u00f1ana, despu\u00e9s de un escaso &#8220;desayuno&#8221;, nos escoltaban con nuestras herramientas hasta el bosque, ubicado a unos dos kil\u00f3metros del campo de concentraci\u00f3n. All\u00ed, cort\u00e1bamos \u00e1rboles, que luego deb\u00edamos trocear a aproximadamente cuatro metros de largo y dividir en rajones. Posteriormente, carg\u00e1bamos estos rajones al hombro y los llev\u00e1bamos de regreso al campamento. All\u00ed eran aserrados para ser utilizados como le\u00f1a en las barracas, la cocina, los comedores y en las instalaciones de la guardia (que consum\u00eda m\u00e1s de la mitad de la le\u00f1a).<\/li>\n\n\n\n<li>En la xilograf\u00eda, el hachero representa la vestimenta t\u00edpica que la mayor\u00eda de nosotros utilizaba para estas tareas: jeans, su\u00e9ter y botas (si ten\u00edamos), adem\u00e1s del gorro de lana indispensable. El gorro tambi\u00e9n nos serv\u00eda para proteger el hombro mientras llev\u00e1bamos de regreso al campamento los rajones \u00e1speros y pesados.<\/li>\n\n\n\n<li>La xilograf\u00eda tambi\u00e9n muestra un roble o coig\u00fce que fue cortado a\u00f1os atr\u00e1s con una motosierra y luego olvidado en medio de ese bosque, que m\u00e1s tarde ser\u00eda incendiado. Es posible que hayan transcurrido muchos a\u00f1os hasta que este renuevo pudiera crecer desde el centro de un tronco aparentemente muerto. Un s\u00edmbolo de esperanza. Detr\u00e1s del hachero, en la entrada del bosque, yaciendo en el camino, este renuevo obstaculizaba el paso. Sin embargo, ning\u00fan hachero intent\u00f3 siquiera tocar ese renuevo que crec\u00eda joven, saludable y fuerte, recuperado de la muerte. Pas\u00e1bamos junto a \u00e9l con nuestras herramientas al entrar al bosque, y lo rode\u00e1bamos al salir, llevando los rajones de madera. Ahora, m\u00e1s de un cuarto de siglo despu\u00e9s de aquel entonces, este renuevo debe haberse convertido en un \u00e1rbol grande y orgulloso.<\/li>\n<\/ul>\n\n\n\n<figure class=\"wp-block-image size-full\"><img loading=\"lazy\" decoding=\"async\" width=\"317\" height=\"540\" src=\"https:\/\/dawson2000.com\/wp-content\/uploads\/2023\/08\/xilografia_elhachero.jpg\" alt=\"\" class=\"wp-image-49\" srcset=\"https:\/\/dawson2000.com\/wp-content\/uploads\/2023\/08\/xilografia_elhachero.jpg 317w, https:\/\/dawson2000.com\/wp-content\/uploads\/2023\/08\/xilografia_elhachero-176x300.jpg 176w, https:\/\/dawson2000.com\/wp-content\/uploads\/2023\/08\/xilografia_elhachero-300x511.jpg 300w\" sizes=\"(max-width: 317px) 100vw, 317px\" \/><\/figure>\n\n\n\n<ul class=\"wp-block-list\">\n<li><strong><em>La Le\u00f1a.<\/em> Isla Dawson, 1974.<\/strong><\/li>\n\n\n\n<li><em>Xilograf\u00eda por H\u00e9ctor Avil\u00e9s<\/em><\/li>\n\n\n\n<li><em>Xilograf\u00eda de 10 x 12 cm.<\/em><\/li>\n\n\n\n<li>Esta xilograf\u00eda retrata a un prisionero pol\u00edtico descargando un raj\u00f3n de le\u00f1a en el patio de una barraca en el Campo R\u00edo Chico, Isla Dawson. Los prisioneros llevaban estos rajones al hombro desde el bosque hasta las barracas del campo. Los rajones se apilaban en posici\u00f3n vertical para que continuaran sec\u00e1ndose. En el patio de cada barraca hab\u00eda un mont\u00f3n de le\u00f1a apilada de esta manera.<\/li>\n<\/ul>\n\n\n\n<figure class=\"wp-block-image size-full\"><img loading=\"lazy\" decoding=\"async\" width=\"398\" height=\"467\" src=\"https:\/\/dawson2000.com\/wp-content\/uploads\/2023\/08\/xilografia_lalena.jpg\" alt=\"\" class=\"wp-image-50\" srcset=\"https:\/\/dawson2000.com\/wp-content\/uploads\/2023\/08\/xilografia_lalena.jpg 398w, https:\/\/dawson2000.com\/wp-content\/uploads\/2023\/08\/xilografia_lalena-256x300.jpg 256w, https:\/\/dawson2000.com\/wp-content\/uploads\/2023\/08\/xilografia_lalena-300x352.jpg 300w\" sizes=\"(max-width: 398px) 100vw, 398px\" \/><\/figure>\n\n\n\n<p><em>Cabe destacar que &#8220;La Le\u00f1a&#8221; fue la primera xilograf\u00eda que H\u00e9ctor Avil\u00e9s realiz\u00f3. Aunque hab\u00eda estudiado previamente la t\u00e9cnica, nunca hab\u00eda tenido la oportunidad de ponerla en pr\u00e1ctica.<\/em><\/p>\n\n\n\n<p>Otras Xilograf\u00edas:<\/p>\n\n\n\n<ul class=\"wp-block-list\">\n<li><em>Mi Celda. C\u00e1rcel de Buin. Santiago, 1975.<\/em><\/li>\n\n\n\n<li><em>Xilograf\u00eda de 10x 15 cm.<\/em><\/li>\n\n\n\n<li><em>H\u00e9ctor Avil\u00e9s<\/em><\/li>\n\n\n\n<li>Esta xilograf\u00eda representa de manera casi exacta la celda que compart\u00eda H\u00e9ctor Avil\u00e9s en la C\u00e1rcel de Buin, en Santiago. La estructura de piedra y la ventana con una reja de hierro forjado son elementos reales. Originalmente, las celdas estaban dise\u00f1adas para uno o dos reclusos. Sin embargo, cuando llevaron a los presos pol\u00edticos o prisioneros de guerra, como los denominaba la dictadura, los api\u00f1aron de cinco, seis e incluso siete en cada celda, muchas veces mezclados con presos comunes. Entonces, los catres encadenados a la pared, de los cuales se muestra solo uno, fueron reemplazados por literas de militares.<\/li>\n\n\n\n<li>El caballete y la pintura nunca estuvieron en la celda, simplemente no hab\u00eda suficiente espacio. Cuando los guardias preguntaban por el dise\u00f1o en la tela, el hacha (que entonces aparec\u00eda borrosa) H\u00e9ctor les dec\u00eda que era la Virgen del Carmen. En realidad, hab\u00eda pintado esta figura religiosa, pero en una versi\u00f3n mucho m\u00e1s grande, para la iglesia de Paine, donde ejerc\u00eda como p\u00e1rroco el capell\u00e1n de la c\u00e1rcel de Buin.<\/li>\n<\/ul>\n\n\n\n<figure class=\"wp-block-image size-full\"><img loading=\"lazy\" decoding=\"async\" width=\"367\" height=\"453\" src=\"https:\/\/dawson2000.com\/wp-content\/uploads\/2023\/08\/xilografia_micelda.jpg\" alt=\"\" class=\"wp-image-51\" srcset=\"https:\/\/dawson2000.com\/wp-content\/uploads\/2023\/08\/xilografia_micelda.jpg 367w, https:\/\/dawson2000.com\/wp-content\/uploads\/2023\/08\/xilografia_micelda-243x300.jpg 243w, https:\/\/dawson2000.com\/wp-content\/uploads\/2023\/08\/xilografia_micelda-300x370.jpg 300w\" sizes=\"(max-width: 367px) 100vw, 367px\" \/><\/figure>\n","protected":false},"excerpt":{"rendered":"<p>EXPRESI\u00d3N GR\u00c1FICA DE LA RESILIENCIA: XILOGRAF\u00cdAS DE H\u00c9CTOR AVIL\u00c9S En esta secci\u00f3n, presentamos una colecci\u00f3n de xilograf\u00edas que relatan las vivencias y supervivencias en los campos de detenci\u00f3n y concentraci\u00f3n despu\u00e9s de 1973. Destacamos especialmente las xilograf\u00edas relacionadas con el Campo de Concentraci\u00f3n R\u00edo Chico en Isla Dawson. Estas obras&#8230;<\/p>\n","protected":false},"author":1,"featured_media":0,"parent":0,"menu_order":0,"comment_status":"closed","ping_status":"closed","template":"","meta":{"footnotes":""},"class_list":["post-45","page","type-page","status-publish","hentry"],"_links":{"self":[{"href":"https:\/\/dawson2000.com\/index.php\/wp-json\/wp\/v2\/pages\/45","targetHints":{"allow":["GET"]}}],"collection":[{"href":"https:\/\/dawson2000.com\/index.php\/wp-json\/wp\/v2\/pages"}],"about":[{"href":"https:\/\/dawson2000.com\/index.php\/wp-json\/wp\/v2\/types\/page"}],"author":[{"embeddable":true,"href":"https:\/\/dawson2000.com\/index.php\/wp-json\/wp\/v2\/users\/1"}],"replies":[{"embeddable":true,"href":"https:\/\/dawson2000.com\/index.php\/wp-json\/wp\/v2\/comments?post=45"}],"version-history":[{"count":4,"href":"https:\/\/dawson2000.com\/index.php\/wp-json\/wp\/v2\/pages\/45\/revisions"}],"predecessor-version":[{"id":57,"href":"https:\/\/dawson2000.com\/index.php\/wp-json\/wp\/v2\/pages\/45\/revisions\/57"}],"wp:attachment":[{"href":"https:\/\/dawson2000.com\/index.php\/wp-json\/wp\/v2\/media?parent=45"}],"curies":[{"name":"wp","href":"https:\/\/api.w.org\/{rel}","templated":true}]}}