{"id":31,"date":"2023-08-16T21:13:37","date_gmt":"2023-08-16T21:13:37","guid":{"rendered":"https:\/\/dawson2000.com\/?page_id=31"},"modified":"2023-09-22T13:27:27","modified_gmt":"2023-09-22T13:27:27","slug":"quienes-somos","status":"publish","type":"page","link":"https:\/\/dawson2000.com\/index.php\/quienes-somos\/","title":{"rendered":"Qui\u00e9nes somos"},"content":{"rendered":"\n<p>\u00bfQui\u00e9nes somos en Dawson2000.com? Defensores de Derechos Humanos.<\/p>\n\n\n\n<hr class=\"wp-block-separator has-alpha-channel-opacity\"\/>\n\n\n\n<p>La plataforma Dawson2000.com es el resultado del esfuerzo conjunto de individuos que vivieron la represi\u00f3n y las violaciones de los derechos humanos durante la dictadura militar en la regi\u00f3n de la Patagonia Magall\u00e1nica. Estamos asociados con la Agrupaci\u00f3n Cultural de Derechos Humanos Orlando Letelier en Magallanes.<\/p>\n\n\n\n<p>Nuestro grupo est\u00e1 compuesto por sobrevivientes y testigos de los campos de concentraci\u00f3n, centros de detenci\u00f3n y casos de tortura que ocurrieron durante la represi\u00f3n militar en Magallanes. Representamos a los residentes de Magallanes que fueron v\u00edctimas de secuestros, encarcelamientos, relegamientos, persecuciones y exilios. Durante la dictadura militar que tuvo lugar entre 1973 y 1989, nuestros derechos fundamentales fueron sistem\u00e1ticamente violados por el Estado de Chile. Somos testigos directos y protagonistas de uno de los cap\u00edtulos m\u00e1s oscuros en la historia de Magallanes. Adem\u00e1s, contamos con familiares y amigos que tambi\u00e9n fueron afectados. En consecuencia, hemos asumido el rol de activistas, promotores y defensores de los derechos humanos tanto en Magallanes como en todo Chile.<\/p>\n","protected":false},"excerpt":{"rendered":"<p>\u00bfQui\u00e9nes somos en Dawson2000.com? Defensores de Derechos Humanos. La plataforma Dawson2000.com es el resultado del esfuerzo conjunto de individuos que vivieron la represi\u00f3n y las violaciones de los derechos humanos durante la dictadura militar en la regi\u00f3n de la Patagonia Magall\u00e1nica. Estamos asociados con la Agrupaci\u00f3n Cultural de Derechos Humanos&#8230;<\/p>\n","protected":false},"author":1,"featured_media":0,"parent":0,"menu_order":0,"comment_status":"closed","ping_status":"closed","template":"","meta":{"footnotes":""},"class_list":["post-31","page","type-page","status-publish","hentry"],"_links":{"self":[{"href":"https:\/\/dawson2000.com\/index.php\/wp-json\/wp\/v2\/pages\/31","targetHints":{"allow":["GET"]}}],"collection":[{"href":"https:\/\/dawson2000.com\/index.php\/wp-json\/wp\/v2\/pages"}],"about":[{"href":"https:\/\/dawson2000.com\/index.php\/wp-json\/wp\/v2\/types\/page"}],"author":[{"embeddable":true,"href":"https:\/\/dawson2000.com\/index.php\/wp-json\/wp\/v2\/users\/1"}],"replies":[{"embeddable":true,"href":"https:\/\/dawson2000.com\/index.php\/wp-json\/wp\/v2\/comments?post=31"}],"version-history":[{"count":3,"href":"https:\/\/dawson2000.com\/index.php\/wp-json\/wp\/v2\/pages\/31\/revisions"}],"predecessor-version":[{"id":103,"href":"https:\/\/dawson2000.com\/index.php\/wp-json\/wp\/v2\/pages\/31\/revisions\/103"}],"wp:attachment":[{"href":"https:\/\/dawson2000.com\/index.php\/wp-json\/wp\/v2\/media?parent=31"}],"curies":[{"name":"wp","href":"https:\/\/api.w.org\/{rel}","templated":true}]}}